{"id":66,"date":"2020-03-04T05:46:05","date_gmt":"2020-03-04T05:46:05","guid":{"rendered":"https:\/\/fidium.fi\/?page_id=66"},"modified":"2024-06-06T10:35:52","modified_gmt":"2024-06-06T07:35:52","slug":"referenssit","status":"publish","type":"page","link":"https:\/\/fidium.fi\/en\/referenssit\/","title":{"rendered":"References"},"content":{"rendered":"\n[et_pb_section fb_built=&#8221;1&#8243; _builder_version=&#8221;4.25.1&#8243; background_color=&#8221;RGBA(255,255,255,0)&#8221; background_image=&#8221;https:\/\/fidium.fi\/wp-content\/uploads\/2024\/05\/Herokuva2_referenssit.jpg&#8221; background_position=&#8221;center_left&#8221; background_blend=&#8221;overlay&#8221; min_height=&#8221;350px&#8221; custom_padding=&#8221;144px||144px||true|false&#8221; hover_enabled=&#8221;0&#8243; locked=&#8221;off&#8221; global_colors_info=&#8221;{}&#8221; title_text=&#8221;Herokuva2_referenssit&#8221; sticky_enabled=&#8221;0&#8243;][\/et_pb_section][et_pb_section fb_built=&#8221;1&#8243; custom_padding_last_edited=&#8221;on|tablet&#8221; _builder_version=&#8221;4.16&#8243; custom_padding_tablet=&#8221;50px||||false|false&#8221; custom_padding_phone=&#8221;||||false|false&#8221; locked=&#8221;off&#8221; global_colors_info=&#8221;{}&#8221;][et_pb_row custom_padding_last_edited=&#8221;on|phone&#8221; _builder_version=&#8221;4.16&#8243; custom_padding=&#8221;0px||||false|false&#8221; custom_padding_tablet=&#8221;&#8221; custom_padding_phone=&#8221;0px||0px||false|false&#8221; locked=&#8221;off&#8221; global_colors_info=&#8221;{}&#8221;][et_pb_column type=&#8221;4_4&#8243; _builder_version=&#8221;4.16&#8243; global_colors_info=&#8221;{}&#8221;][et_pb_text _builder_version=&#8221;4.25.1&#8243; text_font=&#8221;&#8211;et_global_body_font||||||||&#8221; header_2_font=&#8221;&#8211;et_global_heading_font|700||on|||||&#8221; header_2_text_color=&#8221;#415A77&#8243; header_2_font_size=&#8221;36px&#8221; header_4_font=&#8221;&#8211;et_global_heading_font||||||||&#8221; header_4_text_color=&#8221;#ada282&#8243; text_orientation=&#8221;center&#8221; custom_padding=&#8221;30px||||false|false&#8221; header_2_font_size_tablet=&#8221;&#8221; header_2_font_size_phone=&#8221;25px&#8221; header_2_font_size_last_edited=&#8221;on|phone&#8221; header_4_font_size_tablet=&#8221;&#8221; header_4_font_size_phone=&#8221;16px&#8221; header_4_font_size_last_edited=&#8221;on|phone&#8221; locked=&#8221;off&#8221; global_colors_info=&#8221;{}&#8221;]<h2>Referenssit<\/h2>[\/et_pb_text][et_pb_divider color=&#8221;#c0b596&#8243; divider_weight=&#8221;3px&#8221; _builder_version=&#8221;4.16&#8243; width=&#8221;7%&#8221; module_alignment=&#8221;center&#8221; custom_margin=&#8221;-10px||||false|false&#8221; global_colors_info=&#8221;{}&#8221;][\/et_pb_divider][\/et_pb_column][\/et_pb_row][\/et_pb_section][et_pb_section fb_built=&#8221;1&#8243; custom_padding_last_edited=&#8221;on|tablet&#8221; module_class=&#8221;lawyer_faq_section&#8221; _builder_version=&#8221;4.16&#8243; custom_padding=&#8221;0px||||false|false&#8221; custom_padding_tablet=&#8221;&#8221; custom_padding_phone=&#8221;&#8221; global_colors_info=&#8221;{}&#8221;][et_pb_row column_structure=&#8221;1_2,1_2&#8243; custom_padding_last_edited=&#8221;on|tablet&#8221; _builder_version=&#8221;4.25.1&#8243; max_width=&#8221;80%&#8221; custom_padding_tablet=&#8221;0px||||false|false&#8221; custom_padding_phone=&#8221;&#8221; global_colors_info=&#8221;{}&#8221;][et_pb_column type=&#8221;1_2&#8243; module_class=&#8221;lawyer_faq_column1&#8243; _builder_version=&#8221;4.25.1&#8243; custom_padding=&#8221;||||false|false&#8221; global_colors_info=&#8221;{}&#8221;][et_pb_text _builder_version=&#8221;4.25.1&#8243; _module_preset=&#8221;default&#8221; global_colors_info=&#8221;{}&#8221;]<ul>\n<li>Kansainv\u00e4lisen rahoitusalan yrityksen neuvonta belgialaisen pankin leasingtoimintojen ostamisessa Ruotsissa, Norjassa ja Tanskassa.<\/li>\n<li>Yhti\u00f6n edustaminen k\u00e4r\u00e4j\u00e4oikeudessa yhti\u00f6n yhti\u00f6kokouksen ja hallituksen tekemien osakeantip\u00e4\u00e4t\u00f6sten kumoamista koskevassa kanteessa.<\/li>\n<li>Useiden Nasdaq OMX Helsingiss\u00e4 noteerattujen yhti\u00f6iden varsinaisten sek\u00e4 ylim\u00e4\u00e4r\u00e4isten yhti\u00f6kokousten pit\u00e4minen vuosittain, mukaan lukien p\u00e4\u00e4t\u00f6sten ja materiaalien valmistelu, kokousten puheenjohtajana ja sihteerin\u00e4 toimiminen sek\u00e4 p\u00e4\u00e4t\u00f6sten t\u00e4yt\u00e4nt\u00f6\u00f6npano ja rekister\u00f6inti.<\/li>\n<li>Nasdaq OMX Helsingiss\u00e4 noteeratun yhti\u00f6n neuvonta 6,5 Meur suuruisessa suunnatussa osakeannissa, esitteen valmistelu ja uusien osakkeiden listaus Nasdaq OMX Helsinkiin. P\u00e4\u00e4j\u00e4rjest\u00e4j\u00e4 Nordea Corporate Finance.<\/li>\n<li>Myyjien neuvominen 25 %:n teleoperaattorin osakkeiden myynniss\u00e4 3i:n hallinnoimille rahastoille. Kaupan arvo 140 Meur.<\/li>\n<li>Asiakasyritysten avustaminen lisenssisopimusten, palvelusopimusten, jakelusopimusten, rahoitussopimusten, yhteisty\u00f6sopimusten ja muiden operatiivisten sopimusten laatimisessa sek\u00e4 asiakasyritysten avustaminen muissa p\u00e4ivitt\u00e4isiss\u00e4 oikeudellisissa tarpeissa.<\/li>\n<li>Yhti\u00f6n neuvonta tyt\u00e4ryhti\u00f6iden, liiketoimintojen ja omaisuuden myynniss\u00e4 Suomessa, Virossa, Latviassa ja Liettuassa saksalaisille ja Baltian maista sijaitseville ostajille.<\/li>\n<li>OMX Helsingiss\u00e4 noteeratun yhti\u00f6n neuvominen v\u00e4hitt\u00e4iskaupan alan yrityksen osakkeiden ja niihin liittyvien rahoitusv\u00e4lineiden hankinnassa. Kaupan arvo 61 Meur. Kauppaan liittyv\u00e4t uudelleenj\u00e4rjestelyt, osakeanti ja merkint\u00e4oikeusanti (arvo 7,5 Meur), esitteen laatiminen ja uusien osakkeiden listaaminen Nasdaq OMX Helsinkiin. P\u00e4\u00e4j\u00e4rjest\u00e4j\u00e4 Evli Pankki.<\/li>\n<li>Kansainv\u00e4lisen rahoitusalan yrityksen ja sen osakkeenomistajien neuvominen osakkeiden myynniss\u00e4 ja uusien osakkeiden liikkeeseenlaskussa institutionaaliselle sijoittajalle.<\/li>\n<li>Nasdaq OMX Helsinkiin listatun yhti\u00f6n neuvonta kilpailevien yritysten ja liiketoimintojen ostamisessa ja yhdist\u00e4misess\u00e4 Suomessa.<\/li>\n<li>Yhti\u00f6n edustaminen k\u00e4r\u00e4j\u00e4oikeudessa useissa yhti\u00f6n rahoitusj\u00e4rjestelyihin liittyviss\u00e4 riita-asioissa.<\/li>\n<li>Useiden Nasdaq OMX Helsingiss\u00e4 noteerattujen yhti\u00f6iden neuvonta optio-oikeuksien liikkeeseenlaskuissa.<\/li>\n<li>Nasdaq OMX Helsingiss\u00e4 noteeratun yhti\u00f6n neuvonta pakollisessa julkisessa ostotarjousmenettelyss\u00e4.<\/li>\n<li>Useiden tietokonepelialalla toimivien yritysten neuvonta julkaisu- ja pelinkehityssopimusten laatimisessa ja neuvottelemisessa.<\/li>\n<li>Useiden yhti\u00f6iden neuvonta jakautumis- ja sulautumisprosessissa.<\/li>\n<\/ul>[\/et_pb_text][\/et_pb_column][et_pb_column type=&#8221;1_2&#8243; _builder_version=&#8221;4.25.1&#8243; background_color=&#8221;#FFFFFF&#8221; custom_padding_tablet=&#8221;&#8221; custom_padding_phone=&#8221;||||true|true&#8221; custom_padding_last_edited=&#8221;on|phone&#8221; global_colors_info=&#8221;{}&#8221;][et_pb_text _builder_version=&#8221;4.25.1&#8243; _module_preset=&#8221;default&#8221; global_colors_info=&#8221;{}&#8221;]<ul>\n<li>IT-palveluyrityksen edustaminen k\u00e4r\u00e4j\u00e4oikeudessa ohjelmistokehitysprojektia koskevassa riita-asiassa.<\/li>\n<li>Ty\u00f6voiman vuokrausyrityksen edustaminen k\u00e4r\u00e4j\u00e4oikeudessa riita-asiassa yrityksen asiakkaan kanssa.<\/li>\n<li>Nasdaq OMX Helsingiss\u00e4 noteeratun yhti\u00f6n neuvonta tiettyjen liiketoimintojen ja omaisuuserien luovuttamisessa toimivalle johdolle.<\/li>\n<li>Nasdaq OMX Helsingiss\u00e4 noteeratun yhti\u00f6n neuvominen 5 miljoonan euron vaihtovelkakirjalainan liikkeeseenlaskussa.<\/li>\n<li>Nasdaq OMX Helsingiss\u00e4 noteeratun yhti\u00f6n neuvonta ICT-palveluyrityksen osakkeiden ostossa, kaupan arvo yli 10 Meur. Kauppaan liittyv\u00e4 suunnattu osakeanti ja uusien osakkeiden listaamiseen Nasdaq OMX Helsinkiin.<\/li>\n<li>Teleoperaattorin neuvonta toisen teleoperaattorin operaattoriliiketoiminnan ostossa.<\/li>\n<li>Nasdaq OMX Helsingiss\u00e4 noteeratun yhti\u00f6n neuvonta 9,0 Meur:n suuruisessa suunnatussa osakeannissa, esitteen laatiminen ja uusien osakkeiden listaaminen Nasdaq OMX Helsinkiin.<\/li>\n<li>Ostajan neuvonta varustamon osake-enemmist\u00f6n hankinnassa.<\/li>\n<li>Tieto- ja viestint\u00e4tekniikan palveluyrityksen neuvonta ulkoistamisj\u00e4rjestelyss\u00e4, joka k\u00e4sitt\u00e4\u00e4 teleoperaattorin liiketoimintakriittisten IT-j\u00e4rjestelmien hosting-, tuki- ja kehitysteht\u00e4vien ulkoistamisen. Kaupan arvo useita miljoonia euroja.<\/li>\n<li>LVI-alan yrityksen osakkeenomistajien neuvonta yrityksen osakkeiden myynniss\u00e4 ruotsalaiselle yritykselle.<\/li>\n<li>Nasdaq OMX Helsingiss\u00e4 noteeratun yhti\u00f6n neuvominen ICT-palveluyrityksen osakkeiden ostossa, kaupan arvo noin 4 Meur. Kauppaan liittyv\u00e4 suunnattu osakeanti ja uusien osakkeiden listaamiseen Nasdaq OMX Helsinkiin.<\/li>\n<li>Kansainv\u00e4lisen rahoitusalan yrityksen enemmist\u00f6omistajien neuvonta p\u00e4\u00e4omasijoittajien omistamien yhti\u00f6n osakkeiden hankinnassa.<\/li>\n<li>Kansainv\u00e4lisen rahoitusalan yrityksen neuvonta Ruotsissa sijaitsevan saneerauslaitoksen osake-enemmist\u00f6n myynniss\u00e4 johdolle.<\/li>\n<li>Nasdaq OMX Helsingiss\u00e4 noteeratun yhti\u00f6n neuvonta suunnatussa osakeannissa, esitteen laatimisessa ja uusien osakkeiden listaamisessa Nasdaq OMX Helsinkiin.<\/li>\n<li>OMX Helsingiss\u00e4 noteeratun yhti\u00f6n neuvonta ICT-palveluyrityksen osakkeiden hankinnassa. Kauppaan liittyv\u00e4 suunnattu osakeanti ja uusien osakkeiden listaaminen Nasdaq OMX Helsinkiin.<\/li>\n<\/ul>[\/et_pb_text][\/et_pb_column][\/et_pb_row][\/et_pb_section]\n","protected":false},"excerpt":{"rendered":"<p>Kansainv\u00e4lisen rahoitusalan yrityksen neuvonta, belgialaisen pankin leasingtoimintojen ostamisessa Ruotsissa, Norjassa ja Tanskassa, yhti\u00f6n edustaminen k\u00e4r\u00e4j\u00e4oikeudessa yhti\u00f6n yhti\u00f6kokouksen ja hallituksen tekemien osakeantip\u00e4\u00e4t\u00f6sten kumoamista koskevassa kanteessa,<br \/>\nUseiden Nasdaq OMX Helsingiss\u00e4 noteerattujen yhti\u00f6iden varsinaisten sek\u00e4 ylim\u00e4\u00e4r\u00e4isten yhti\u00f6kokousten pit\u00e4minen vuosittain&#8230;<\/p>","protected":false},"author":3,"featured_media":326670,"parent":0,"menu_order":0,"comment_status":"closed","ping_status":"closed","template":"","meta":{"_et_pb_use_builder":"on","_et_pb_old_content":"","_et_gb_content_width":"","footnotes":""},"class_list":["post-66","page","type-page","status-publish","has-post-thumbnail","hentry"],"_links":{"self":[{"href":"https:\/\/fidium.fi\/en\/wp-json\/wp\/v2\/pages\/66","targetHints":{"allow":["GET"]}}],"collection":[{"href":"https:\/\/fidium.fi\/en\/wp-json\/wp\/v2\/pages"}],"about":[{"href":"https:\/\/fidium.fi\/en\/wp-json\/wp\/v2\/types\/page"}],"author":[{"embeddable":true,"href":"https:\/\/fidium.fi\/en\/wp-json\/wp\/v2\/users\/3"}],"replies":[{"embeddable":true,"href":"https:\/\/fidium.fi\/en\/wp-json\/wp\/v2\/comments?post=66"}],"version-history":[{"count":0,"href":"https:\/\/fidium.fi\/en\/wp-json\/wp\/v2\/pages\/66\/revisions"}],"wp:featuredmedia":[{"embeddable":true,"href":"https:\/\/fidium.fi\/en\/wp-json\/wp\/v2\/media\/326670"}],"wp:attachment":[{"href":"https:\/\/fidium.fi\/en\/wp-json\/wp\/v2\/media?parent=66"}],"curies":[{"name":"wp","href":"https:\/\/api.w.org\/{rel}","templated":true}]}}