{"id":62,"date":"2020-03-04T05:45:11","date_gmt":"2020-03-04T05:45:11","guid":{"rendered":"https:\/\/fidium.fi\/?page_id=62"},"modified":"2024-11-08T13:45:10","modified_gmt":"2024-11-08T11:45:10","slug":"yrityksesta","status":"publish","type":"page","link":"https:\/\/fidium.fi\/en\/yrityksesta\/","title":{"rendered":"Company"},"content":{"rendered":"<p>[et_pb_section fb_built=&#8221;1&#8243; _builder_version=&#8221;4.25.1&#8243; background_color=&#8221;RGBA(255,255,255,0)&#8221; background_image=&#8221;https:\/\/fidium.fi\/wp-content\/uploads\/2024\/05\/Herokuva2_yrityksesta.jpg&#8221; background_blend=&#8221;multiply&#8221; min_height=&#8221;350px&#8221; custom_padding=&#8221;144px||144px||true|false&#8221; locked=&#8221;off&#8221; global_colors_info=&#8221;{}&#8221;][\/et_pb_section][et_pb_section fb_built=&#8221;1&#8243; module_class=&#8221;lawyer_aboutus_about&#8221; _builder_version=&#8221;4.17.1&#8243; global_colors_info=&#8221;{}&#8221;][et_pb_row column_structure=&#8221;1_2,1_2&#8243; _builder_version=&#8221;4.25.1&#8243; width=&#8221;100%&#8221; max_width=&#8221;80%&#8221; custom_margin=&#8221;0px||||false|false&#8221; global_colors_info=&#8221;{}&#8221;][et_pb_column type=&#8221;1_2&#8243; _builder_version=&#8221;4.25.1&#8243; background_enable_color=&#8221;off&#8221; custom_padding=&#8221;||||false|false&#8221; global_colors_info=&#8221;{}&#8221;][et_pb_image src=&#8221;https:\/\/fidium.fi\/wp-content\/uploads\/2024\/05\/fidium_canvas_lores.jpg&#8221; title_text=&#8221;fidium_canvas_lores&#8221; align_tablet=&#8221;center&#8221; align_phone=&#8221;&#8221; align_last_edited=&#8221;on|tablet&#8221; _builder_version=&#8221;4.27.2&#8243; height=&#8221;458px&#8221; height_tablet=&#8221;395px&#8221; height_phone=&#8221;395px&#8221; height_last_edited=&#8221;on|tablet&#8221; hover_enabled=&#8221;0&#8243; global_colors_info=&#8221;{}&#8221; sticky_enabled=&#8221;0&#8243;][\/et_pb_image][\/et_pb_column][et_pb_column type=&#8221;1_2&#8243; _builder_version=&#8221;4.25.1&#8243; background_color=&#8221;RGBA(255,255,255,0)&#8221; custom_padding=&#8221;0px|35px|50px|35px|false|true&#8221; global_colors_info=&#8221;{}&#8221;][et_pb_text _builder_version=&#8221;4.25.1&#8243; header_2_font=&#8221;&#8211;et_global_heading_font|700||on|||||&#8221; header_2_text_color=&#8221;#415A77&#8243; header_2_font_size=&#8221;36px&#8221; header_4_font=&#8221;Open Sans||||||||&#8221; header_4_text_color=&#8221;#ada282&#8243; custom_padding=&#8221;||||false|false&#8221; header_2_text_align_tablet=&#8221;center&#8221; header_2_text_align_phone=&#8221;&#8221; header_2_text_align_last_edited=&#8221;on|tablet&#8221; header_2_font_size_tablet=&#8221;&#8221; header_2_font_size_phone=&#8221;25px&#8221; header_2_font_size_last_edited=&#8221;on|phone&#8221; header_4_text_align_tablet=&#8221;center&#8221; header_4_text_align_phone=&#8221;&#8221; header_4_text_align_last_edited=&#8221;on|tablet&#8221; header_4_font_size_tablet=&#8221;&#8221; header_4_font_size_phone=&#8221;16px&#8221; header_4_font_size_last_edited=&#8221;on|phone&#8221; locked=&#8221;off&#8221; global_colors_info=&#8221;{}&#8221;]<\/p>\n<h2>Yrityksest\u00e4<\/h2>\n<p>[\/et_pb_text][et_pb_divider color=&#8221;#c0b596&#8243; divider_weight=&#8221;3px&#8221; _builder_version=&#8221;4.16&#8243; width=&#8221;7%&#8221; module_alignment=&#8221;left&#8221; custom_margin=&#8221;-10px||||false|false&#8221; module_alignment_tablet=&#8221;center&#8221; module_alignment_phone=&#8221;&#8221; module_alignment_last_edited=&#8221;on|desktop&#8221; locked=&#8221;off&#8221; global_colors_info=&#8221;{}&#8221;][\/et_pb_divider][et_pb_text _builder_version=&#8221;4.25.1&#8243; header_4_font=&#8221;Playfair Display|700|||||||&#8221; header_4_text_color=&#8221;#272c3f&#8221; header_4_font_size=&#8221;25px&#8221; custom_margin=&#8221;||0px||false|false&#8221; custom_padding=&#8221;||30px||false|false&#8221; custom_padding_tablet=&#8221;&#8221; custom_padding_phone=&#8221;||30px|0px|false|false&#8221; custom_padding_last_edited=&#8221;on|phone&#8221; hover_enabled=&#8221;0&#8243; header_4_text_align_tablet=&#8221;&#8221; header_4_text_align_phone=&#8221;center&#8221; header_4_text_align_last_edited=&#8221;on|phone&#8221; text_orientation_tablet=&#8221;center&#8221; text_orientation_phone=&#8221;center&#8221; text_orientation_last_edited=&#8221;on|phone&#8221; locked=&#8221;off&#8221; global_colors_info=&#8221;{}&#8221; sticky_enabled=&#8221;0&#8243;]<\/p>\n<p>Fidium Law Partners Oy on vuonna 2000 perustettu liikejuridiikkaan erikoistunut toimisto, jonka erityisaloja ovat muun muassa yritys- ja rahoitusj\u00e4rjestelyt, yhti\u00f6oikeus, sopimusoikeus, riitojen ratkaisu, immateriaalioikeus sek\u00e4 ty\u00f6oikeus.<\/p>\n<p>Jokaisella partnerillamme on yli kahdenkymmenen vuoden kokemus vaativasta kotimaisesta ja kansainv\u00e4lisest\u00e4 liikejuridiikasta.<\/p>\n<p>Asiakaskuntaamme kuuluu kotimaisia ja kansainv\u00e4lisi\u00e4 yrityksi\u00e4 pienist\u00e4 startup-yrityksist\u00e4 kansainv\u00e4lisiin konserneihin sek\u00e4 p\u00e4\u00e4omasijoittajia ja julkisyhteis\u00f6j\u00e4.<\/p>\n<p>[\/et_pb_text][\/et_pb_column][\/et_pb_row][\/et_pb_section][et_pb_section fb_built=&#8221;1&#8243; custom_padding_last_edited=&#8221;on|tablet&#8221; _builder_version=&#8221;4.17.4&#8243; background_color=&#8221;#f5f5f5&#8243; custom_padding=&#8221;54px|||||&#8221; custom_padding_tablet=&#8221;0px||||false|false&#8221; custom_padding_phone=&#8221;&#8221; global_colors_info=&#8221;{}&#8221;][et_pb_row module_class=&#8221;lawyer_faq_section&#8221; _builder_version=&#8221;4.18.0&#8243; width=&#8221;100%&#8221; max_width=&#8221;80%&#8221; global_colors_info=&#8221;{}&#8221;][et_pb_column type=&#8221;4_4&#8243; module_class=&#8221;lawyer_faq_column1&#8243; _builder_version=&#8221;4.18.0&#8243; global_colors_info=&#8221;{}&#8221;][et_pb_text _builder_version=&#8221;4.25.1&#8243; _module_preset=&#8221;default&#8221; text_font=&#8221;||||||||&#8221; text_text_color=&#8221;#273654&#8243; text_font_size=&#8221;17px&#8221; header_font=&#8221;&#8211;et_global_heading_font||||||||&#8221; header_3_font=&#8221;&#8211;et_global_heading_font|&#8211;et_global_heading_font_weight||on|||||&#8221; header_3_text_align=&#8221;center&#8221; header_3_text_color=&#8221;#ADA282&#8243; global_colors_info=&#8221;{}&#8221;]<\/p>\n<h3>\u00a0<\/h3>\n<p>[\/et_pb_text][\/et_pb_column][\/et_pb_row][\/et_pb_section]<\/p>\n","protected":false},"excerpt":{"rendered":"<p>Fidium Law Partners Oy on vuonna 2000 perustettu liikejuridiikkaan erikoistunut toimisto, jonka erityisaloja ovat muun muassa yritys- ja rahoitusj\u00e4rjestelyt, yhti\u00f6oikeus, sopimusoikeus, riitojen ratkaisu, immateriaalioikeus sek\u00e4 ty\u00f6oikeus.<\/p>","protected":false},"author":3,"featured_media":326673,"parent":0,"menu_order":0,"comment_status":"closed","ping_status":"closed","template":"","meta":{"_et_pb_use_builder":"on","_et_pb_old_content":"","_et_gb_content_width":"","footnotes":""},"class_list":["post-62","page","type-page","status-publish","has-post-thumbnail","hentry"],"_links":{"self":[{"href":"https:\/\/fidium.fi\/en\/wp-json\/wp\/v2\/pages\/62","targetHints":{"allow":["GET"]}}],"collection":[{"href":"https:\/\/fidium.fi\/en\/wp-json\/wp\/v2\/pages"}],"about":[{"href":"https:\/\/fidium.fi\/en\/wp-json\/wp\/v2\/types\/page"}],"author":[{"embeddable":true,"href":"https:\/\/fidium.fi\/en\/wp-json\/wp\/v2\/users\/3"}],"replies":[{"embeddable":true,"href":"https:\/\/fidium.fi\/en\/wp-json\/wp\/v2\/comments?post=62"}],"version-history":[{"count":1,"href":"https:\/\/fidium.fi\/en\/wp-json\/wp\/v2\/pages\/62\/revisions"}],"predecessor-version":[{"id":326733,"href":"https:\/\/fidium.fi\/en\/wp-json\/wp\/v2\/pages\/62\/revisions\/326733"}],"wp:featuredmedia":[{"embeddable":true,"href":"https:\/\/fidium.fi\/en\/wp-json\/wp\/v2\/media\/326673"}],"wp:attachment":[{"href":"https:\/\/fidium.fi\/en\/wp-json\/wp\/v2\/media?parent=62"}],"curies":[{"name":"wp","href":"https:\/\/api.w.org\/{rel}","templated":true}]}}