{"id":326629,"date":"2024-05-30T10:55:48","date_gmt":"2024-05-30T07:55:48","guid":{"rendered":"https:\/\/fidium.fi\/?page_id=326629"},"modified":"2025-02-10T11:35:05","modified_gmt":"2025-02-10T09:35:05","slug":"matti-kauppi","status":"publish","type":"page","link":"https:\/\/fidium.fi\/en\/ihmiset\/matti-kauppi\/","title":{"rendered":"Matti Kauppi"},"content":{"rendered":"<p>[et_pb_section fb_built=&#8221;1&#8243; _builder_version=&#8221;4.25.1&#8243; background_color=&#8221;RGBA(255,255,255,0)&#8221; background_image=&#8221;https:\/\/fidium.fi\/wp-content\/uploads\/2024\/05\/Herokuva2_henkilo.jpg&#8221; background_blend=&#8221;overlay&#8221; custom_padding=&#8221;144px||144px||true|false&#8221; locked=&#8221;off&#8221; global_colors_info=&#8221;{}&#8221;][et_pb_row _builder_version=&#8221;4.16&#8243; global_colors_info=&#8221;{}&#8221;][et_pb_column type=&#8221;4_4&#8243; _builder_version=&#8221;4.16&#8243; global_colors_info=&#8221;{}&#8221;][\/et_pb_column][\/et_pb_row][\/et_pb_section][et_pb_section fb_built=&#8221;1&#8243; _builder_version=&#8221;4.16&#8243; custom_padding=&#8221;||17px|||&#8221; global_colors_info=&#8221;{}&#8221;][et_pb_row _builder_version=&#8221;4.18.0&#8243; width=&#8221;100%&#8221; max_width=&#8221;80%&#8221; custom_margin=&#8221;25px||||false|false&#8221; global_colors_info=&#8221;{}&#8221;][et_pb_column type=&#8221;4_4&#8243; _builder_version=&#8221;4.16&#8243; global_colors_info=&#8221;{}&#8221;][et_pb_text _builder_version=&#8221;4.25.1&#8243; header_2_font=&#8221;&#8211;et_global_heading_font|700||on|||||&#8221; header_2_text_color=&#8221;#415A77&#8243; header_2_font_size=&#8221;36px&#8221; header_2_font_size_tablet=&#8221;&#8221; header_2_font_size_phone=&#8221;25px&#8221; header_2_font_size_last_edited=&#8221;on|phone&#8221; text_orientation_tablet=&#8221;center&#8221; text_orientation_phone=&#8221;&#8221; text_orientation_last_edited=&#8221;on|tablet&#8221; locked=&#8221;off&#8221; global_colors_info=&#8221;{}&#8221;]<\/p>\n<h2 style=\"text-align: center;\">Matti Kauppi<\/h2>\n<p>[\/et_pb_text][et_pb_divider color=&#8221;#c0b596&#8243; divider_weight=&#8221;3px&#8221; _builder_version=&#8221;4.25.1&#8243; _module_preset=&#8221;default&#8221; width=&#8221;5%&#8221; module_alignment=&#8221;center&#8221; custom_margin=&#8221;-10px||||false|false&#8221; module_alignment_tablet=&#8221;center&#8221; module_alignment_phone=&#8221;&#8221; module_alignment_last_edited=&#8221;on|tablet&#8221; locked=&#8221;off&#8221; global_colors_info=&#8221;{}&#8221;][\/et_pb_divider][\/et_pb_column][\/et_pb_row][\/et_pb_section][et_pb_section fb_built=&#8221;1&#8243; _builder_version=&#8221;4.25.1&#8243; background_color=&#8221;#f8f8f8&#8243; custom_padding=&#8221;11px||3px|||&#8221; global_colors_info=&#8221;{}&#8221;][et_pb_row _builder_version=&#8221;4.18.0&#8243; width=&#8221;100%&#8221; max_width=&#8221;80%&#8221; custom_margin=&#8221;12px|auto||auto|false|false&#8221; custom_padding=&#8221;6px|||||&#8221; global_colors_info=&#8221;{}&#8221;][et_pb_column type=&#8221;4_4&#8243; _builder_version=&#8221;4.16&#8243; global_colors_info=&#8221;{}&#8221;][et_pb_team_member position=&#8221;Partner, LL.M, Lic. Tech. &#8221; image_url=&#8221;https:\/\/fidium.fi\/wp-content\/uploads\/2025\/02\/Matti-passikuva-v2-4.jpg&#8221; linkedin_url=&#8221;www.linkedin.com\/in\/matti-kauppi-319b166&#8243; icon_color=&#8221;#0a66c2&#8243; use_icon_font_size=&#8221;on&#8221; icon_font_size=&#8221;18px&#8221; _builder_version=&#8221;4.27.4&#8243; _module_preset=&#8221;default&#8221; header_font=&#8221;&#8211;et_global_body_font|&#8211;et_global_heading_font_weight|||||||&#8221; header_text_align=&#8221;left&#8221; header_text_color=&#8221;#273654&#8243; header_font_size=&#8221;16px&#8221; background_color=&#8221;#FFFFFF&#8221; width=&#8221;50%&#8221; width_tablet=&#8221;95%&#8221; width_phone=&#8221;95%&#8221; width_last_edited=&#8221;on|desktop&#8221; max_width=&#8221;95%&#8221; module_alignment=&#8221;center&#8221; custom_margin=&#8221;||||true|true&#8221; custom_padding=&#8221;33px|21px|20px|21px|false|true&#8221; child_filter_opacity=&#8221;43%&#8221; border_color_all_image=&#8221;RGBA(255,255,255,0)&#8221; global_colors_info=&#8221;{}&#8221;]<\/p>\n<p><a href=\"#\">+358 400 746 999<\/a><br \/><span class=\"blockspam\" aria-hidden=\"true\">PLEASE DO NOT TRY!<\/span> <a href=\"#\">matti.kauppi\u00ad\u2009@\u2009<!-- sdfjsdhfkjypcs -->fidium.fi<\/a><\/p>\n<p>[\/et_pb_team_member][\/et_pb_column][\/et_pb_row][\/et_pb_section][et_pb_section fb_built=&#8221;1&#8243; _builder_version=&#8221;4.16&#8243; custom_padding=&#8221;5px|||||&#8221; hover_enabled=&#8221;0&#8243; global_colors_info=&#8221;{}&#8221; sticky_enabled=&#8221;0&#8243;][et_pb_row _builder_version=&#8221;4.25.1&#8243; width=&#8221;47%&#8221; max_width=&#8221;80%&#8221; custom_margin=&#8221;25px||||false|false&#8221; global_colors_info=&#8221;{}&#8221;][et_pb_column type=&#8221;4_4&#8243; _builder_version=&#8221;4.16&#8243; global_colors_info=&#8221;{}&#8221;][et_pb_text _builder_version=&#8221;4.25.1&#8243; header_2_font=&#8221;&#8211;et_global_heading_font|700||on|||||&#8221; header_2_text_color=&#8221;#415A77&#8243; header_2_font_size=&#8221;28px&#8221; text_orientation=&#8221;center&#8221; header_2_font_size_tablet=&#8221;&#8221; header_2_font_size_phone=&#8221;25px&#8221; header_2_font_size_last_edited=&#8221;on|phone&#8221; text_orientation_tablet=&#8221;center&#8221; text_orientation_phone=&#8221;&#8221; text_orientation_last_edited=&#8221;on|tablet&#8221; global_colors_info=&#8221;{}&#8221;]<\/p>\n<h2>CV<\/h2>\n<p>[\/et_pb_text][et_pb_text _builder_version=&#8221;4.27.4&#8243; text_font=&#8221;&#8211;et_global_body_font||||||||&#8221; text_text_color=&#8221;#273654&#8243; text_orientation=&#8221;center&#8221; custom_margin=&#8221;-15px|||||&#8221; text_orientation_tablet=&#8221;center&#8221; text_orientation_phone=&#8221;&#8221; text_orientation_last_edited=&#8221;on|tablet&#8221; global_colors_info=&#8221;{}&#8221;]<\/p>\n<p style=\"text-align: left;\"><strong>Ratkaisuhakuinen ja yritt\u00e4j\u00e4henkinen lakimies, jolla on vahva kokemus liikejuridiikasta ja teknologiaoikeudesta.<\/strong> Oikeustieteellisen tutkinnon lis\u00e4ksi olen suorittanut tekniikan lisensiaatin tutkinnon (elektroniikka, tietoliikennetekniikka), mik\u00e4 antaa minulle ainutlaatuisen n\u00e4k\u00f6kulman teknologiaan liittyviin oikeudellisiin kysymyksiin.<\/p>\n<p style=\"text-align: left;\">Erityisosaamistani ovat vaativat teknologiaoikeudelliset asiat, kuten lisensointi, strateginen IPR-neuvonanto sek\u00e4 patentti- ja IP-oikeuksiin liittyvien loukkausv\u00e4itteiden hallinta (offensiivinen ja defensiivinen). Lis\u00e4ksi hoidan riidanratkaisuja ja neuvottelen ja laadin sopimuksia liikejuridiikan eri osa-alueilla sek\u00e4 osto- ett\u00e4 myyntipuolella.<\/p>\n<p style=\"text-align: left;\">Olen toiminut urallani sek\u00e4 oikeudellisena neuvonantajana ett\u00e4 in-house-lakimiehen\u00e4 ja my\u00f6s johtoteht\u00e4viss\u00e4 sek\u00e4 lakimiehen\u00e4 ett\u00e4 liiketoiminnasta vastaavana johtajana. L\u00e4hestymistapani on k\u00e4yt\u00e4nn\u00f6nl\u00e4heinen: tarjoan asiakkaille selke\u00e4\u00e4 ja suoraa neuvontaa, joka auttaa ratkaisemaan asiat tehokkaasti.<\/p>\n<p style=\"text-align: left;\">\n<ul>\n<li style=\"text-align: left;\">Fidium Law Partners Oy, partneri (2010 &#8211; )<\/li>\n<li style=\"text-align: left;\">Nokia Oyj, Vice president, Legal and IP (1999 \u2013 2010), teht\u00e4vin\u00e4 mm. Nokia Mobile Phones liiketoimintayksik\u00f6n p\u00e4\u00e4lakimies, Nokian IPR yksik\u00f6n vet\u00e4j\u00e4, IPR counsel Nokian USA yhti\u00f6ss\u00e4<\/li>\n<li style=\"text-align: left;\">Sonera Oyj (nykyisin Telia), (1997 \u2013 1999)<\/li>\n<li style=\"text-align: left;\">Asianajotoimisto R\u00e4ikk\u00f6nen &amp; R\u00e4m\u00f6, (1997)<\/li>\n<li style=\"text-align: left;\">VTT Elektroniikka, tutkija (1990 \u2013 1994)<\/li>\n<li style=\"text-align: left;\">OTK, Helsingin Yliopisto, 1997 (&#8221;Oivallisesti&#8221;)<\/li>\n<li style=\"text-align: left;\">Tekniikan lisensiaatti, Oulun Yliopisto 1994<\/li>\n<li style=\"text-align: left;\">DI, Oulun yliopisto, 1991 (&#8221;Oivallisesti&#8221;)<\/li>\n<\/ul>\n<p>[\/et_pb_text][\/et_pb_column][\/et_pb_row][\/et_pb_section][et_pb_section fb_built=&#8221;1&#8243; _builder_version=&#8221;4.25.1&#8243; background_color=&#8221;#f8f8f8&#8243; custom_margin=&#8221;51px|||||&#8221; custom_padding=&#8221;0px||||false|false&#8221; locked=&#8221;off&#8221; global_colors_info=&#8221;{}&#8221;][\/et_pb_section][et_pb_section fb_built=&#8221;1&#8243; _builder_version=&#8221;4.27.4&#8243; _module_preset=&#8221;default&#8221; global_colors_info=&#8221;{}&#8221;][et_pb_row _builder_version=&#8221;4.27.4&#8243; _module_preset=&#8221;default&#8221; global_colors_info=&#8221;{}&#8221;][et_pb_column type=&#8221;4_4&#8243; _builder_version=&#8221;4.27.4&#8243; _module_preset=&#8221;default&#8221; global_colors_info=&#8221;{}&#8221;][\/et_pb_column][\/et_pb_row][\/et_pb_section][et_pb_section fb_built=&#8221;1&#8243; _builder_version=&#8221;4.27.4&#8243; _module_preset=&#8221;default&#8221; global_colors_info=&#8221;{}&#8221;][et_pb_row _builder_version=&#8221;4.27.4&#8243; _module_preset=&#8221;default&#8221; global_colors_info=&#8221;{}&#8221;][et_pb_column type=&#8221;4_4&#8243; _builder_version=&#8221;4.27.4&#8243; _module_preset=&#8221;default&#8221; global_colors_info=&#8221;{}&#8221;][\/et_pb_column][\/et_pb_row][\/et_pb_section][et_pb_section fb_built=&#8221;1&#8243; _builder_version=&#8221;4.27.4&#8243; _module_preset=&#8221;default&#8221; global_colors_info=&#8221;{}&#8221;][\/et_pb_section][et_pb_section fb_built=&#8221;1&#8243; _builder_version=&#8221;4.27.4&#8243; _module_preset=&#8221;default&#8221; global_colors_info=&#8221;{}&#8221;][et_pb_row _builder_version=&#8221;4.27.4&#8243; _module_preset=&#8221;default&#8221; global_colors_info=&#8221;{}&#8221;][et_pb_column type=&#8221;4_4&#8243; _builder_version=&#8221;4.27.4&#8243; _module_preset=&#8221;default&#8221; global_colors_info=&#8221;{}&#8221;][\/et_pb_column][\/et_pb_row][\/et_pb_section]<\/p>\n","protected":false},"excerpt":{"rendered":"<p>Matti Kauppi yhteystiedot, esittely ja CV<\/p>","protected":false},"author":3,"featured_media":0,"parent":326261,"menu_order":0,"comment_status":"closed","ping_status":"closed","template":"","meta":{"_et_pb_use_builder":"on","_et_pb_old_content":"","_et_gb_content_width":"","footnotes":""},"class_list":["post-326629","page","type-page","status-publish","hentry"],"_links":{"self":[{"href":"https:\/\/fidium.fi\/en\/wp-json\/wp\/v2\/pages\/326629","targetHints":{"allow":["GET"]}}],"collection":[{"href":"https:\/\/fidium.fi\/en\/wp-json\/wp\/v2\/pages"}],"about":[{"href":"https:\/\/fidium.fi\/en\/wp-json\/wp\/v2\/types\/page"}],"author":[{"embeddable":true,"href":"https:\/\/fidium.fi\/en\/wp-json\/wp\/v2\/users\/3"}],"replies":[{"embeddable":true,"href":"https:\/\/fidium.fi\/en\/wp-json\/wp\/v2\/comments?post=326629"}],"version-history":[{"count":5,"href":"https:\/\/fidium.fi\/en\/wp-json\/wp\/v2\/pages\/326629\/revisions"}],"predecessor-version":[{"id":326766,"href":"https:\/\/fidium.fi\/en\/wp-json\/wp\/v2\/pages\/326629\/revisions\/326766"}],"up":[{"embeddable":true,"href":"https:\/\/fidium.fi\/en\/wp-json\/wp\/v2\/pages\/326261"}],"wp:attachment":[{"href":"https:\/\/fidium.fi\/en\/wp-json\/wp\/v2\/media?parent=326629"}],"curies":[{"name":"wp","href":"https:\/\/api.w.org\/{rel}","templated":true}]}}