{"id":326260,"date":"2020-02-25T05:42:40","date_gmt":"2020-02-25T05:42:40","guid":{"rendered":"https:\/\/fidium.fi\/?page_id=12"},"modified":"2024-06-06T10:36:20","modified_gmt":"2024-06-06T07:36:20","slug":"etusivu","status":"publish","type":"page","link":"https:\/\/fidium.fi\/en\/","title":{"rendered":"Fidium Etusivu"},"content":{"rendered":"\n[et_pb_section fb_built=&#8221;1&#8243; fullwidth=&#8221;on&#8221; _builder_version=&#8221;4.25.1&#8243; background_enable_video_mp4=&#8221;off&#8221; global_colors_info=&#8221;{}&#8221;][et_pb_fullwidth_slider show_arrows=&#8221;off&#8221; show_pagination=&#8221;off&#8221; arrows_custom_color=&#8221;#000000&#8243; module_class=&#8221;lawyer_homev1_slider&#8221; _builder_version=&#8221;4.25.1&#8243; custom_button=&#8221;on&#8221; button_text_size=&#8221;15px&#8221; button_font=&#8221;&#8211;et_global_body_font||||||||&#8221; custom_padding=&#8221;208px||208px||true|false&#8221; custom_padding_tablet=&#8221;&#8221; custom_padding_phone=&#8221;100px||100px||true|false&#8221; custom_padding_last_edited=&#8221;on|phone&#8221; custom_css_slide_arrows=&#8221;background: #ffffff;||width: 45px;||height: 155px;&#8221; global_colors_info=&#8221;{}&#8221; custom_css_slide_arrows_last_edited=&#8221;on|phone&#8221; custom_css_slide_arrows_phone=&#8221;background:transparent;||width: 45px;||height: 155px;&#8221; custom_css_slide_arrows_tablet=&#8221;background: #ffffff;||width: 45px;||height: 155px;&#8221;][et_pb_slide heading=&#8221;Kokeneita liikejuridiikan ammattilaisia&#8221; button_text=&#8221;Lis\u00e4\u00e4 yrityksest\u00e4&#8221; button_link=&#8221;@ET-DC@eyJkeW5hbWljIjp0cnVlLCJjb250ZW50IjoicG9zdF9saW5rX3VybF9wYWdlIiwic2V0dGluZ3MiOnsicG9zdF9pZCI6IjYyIn19@&#8221; use_bg_overlay=&#8221;on&#8221; _builder_version=&#8221;4.25.1&#8243; _dynamic_attributes=&#8221;button_link&#8221; header_level=&#8221;h2&#8243; header_font=&#8221;&#8211;et_global_heading_font|600||on|||||&#8221; header_font_size=&#8221;65px&#8221; body_font=&#8221;&#8211;et_global_body_font||||||||&#8221; body_font_size=&#8221;20px&#8221; body_line_height=&#8221;33px&#8221; background_color=&#8221;#778DA9&#8243; background_enable_color=&#8221;on&#8221; use_background_color_gradient=&#8221;on&#8221; background_color_gradient_stops=&#8221;rgba(43,135,218,0) 0%|#415a77 100%&#8221; background_image=&#8221;https:\/\/fidium.fi\/wp-content\/uploads\/2024\/05\/Ovilogomockup1_blueblur.jpg&#8221; background_enable_image=&#8221;on&#8221; parallax=&#8221;on&#8221; background_enable_video_mp4=&#8221;off&#8221; background_video_height=&#8221;600&#8243; custom_button=&#8221;on&#8221; button_text_size=&#8221;20px&#8221; button_text_color=&#8221;#FFFFFF&#8221; button_bg_color=&#8221;#ada282&#8243; button_border_width=&#8221;0px&#8221; button_border_radius=&#8221;0px&#8221; button_font=&#8221;&#8211;et_global_body_font||||||||&#8221; button_use_icon=&#8221;off&#8221; header_font_size_tablet=&#8221;60px&#8221; header_font_size_phone=&#8221;30px&#8221; header_font_size_last_edited=&#8221;on|tablet&#8221; global_colors_info=&#8221;{}&#8221; button_bg_color__hover_enabled=&#8221;on|hover&#8221; button_bg_color__hover=&#8221;#FFFFFF&#8221; button_bg_enable_color__hover=&#8221;on&#8221; button_text_color__hover_enabled=&#8221;on|hover&#8221; button_text_color__hover=&#8221;#000000&#8243; sticky_transition=&#8221;on&#8221;][\/et_pb_slide][\/et_pb_fullwidth_slider][\/et_pb_section][et_pb_section fb_built=&#8221;1&#8243; module_class=&#8221;lawyer_homev1_team&#8221; _builder_version=&#8221;4.25.1&#8243; _module_preset=&#8221;default&#8221; background_color=&#8221;#FFFFFF&#8221; custom_padding=&#8221;||5px||false|false&#8221; global_colors_info=&#8221;{}&#8221;][et_pb_row custom_padding_last_edited=&#8221;on|tablet&#8221; _builder_version=&#8221;4.16&#8243; custom_padding=&#8221;0px||||false|false&#8221; custom_padding_tablet=&#8221;&#8221; custom_padding_phone=&#8221;&#8221; locked=&#8221;off&#8221; global_colors_info=&#8221;{}&#8221;][et_pb_column type=&#8221;4_4&#8243; _builder_version=&#8221;4.16&#8243; global_colors_info=&#8221;{}&#8221;][et_pb_text _builder_version=&#8221;4.25.1&#8243; header_2_font=&#8221;&#8211;et_global_heading_font|700||on|||||&#8221; header_2_text_color=&#8221;#415A77&#8243; header_2_font_size=&#8221;36px&#8221; header_4_font=&#8221;Open Sans||||||||&#8221; header_4_text_color=&#8221;#ada282&#8243; text_orientation=&#8221;center&#8221; custom_padding=&#8221;30px||||false|false&#8221; hover_enabled=&#8221;0&#8243; header_2_font_size_tablet=&#8221;&#8221; header_2_font_size_phone=&#8221;29px&#8221; header_2_font_size_last_edited=&#8221;on|phone&#8221; locked=&#8221;off&#8221; global_colors_info=&#8221;{}&#8221; sticky_enabled=&#8221;0&#8243;]<h2>Uusimmat uutiset<\/h2>[\/et_pb_text][et_pb_divider color=&#8221;#c0b596&#8243; divider_weight=&#8221;3px&#8221; _builder_version=&#8221;4.16&#8243; width=&#8221;7%&#8221; module_alignment=&#8221;center&#8221; custom_margin=&#8221;-10px||||false|false&#8221; global_colors_info=&#8221;{}&#8221;][\/et_pb_divider][\/et_pb_column][\/et_pb_row][\/et_pb_section][et_pb_section fb_built=&#8221;1&#8243; module_class=&#8221;lawyer_homev1_team&#8221; _builder_version=&#8221;4.25.1&#8243; _module_preset=&#8221;default&#8221; background_color=&#8221;#f7f7f7&#8243; custom_padding=&#8221;||90px||false|false&#8221; global_colors_info=&#8221;{}&#8221;][et_pb_row make_equal=&#8221;on&#8221; _builder_version=&#8221;4.25.1&#8243; _module_preset=&#8221;default&#8221; global_colors_info=&#8221;{}&#8221;][et_pb_column type=&#8221;4_4&#8243; _builder_version=&#8221;4.25.1&#8243; _module_preset=&#8221;default&#8221; background_color=&#8221;#f7f7f7&#8243; global_colors_info=&#8221;{}&#8221;][et_pb_blog fullwidth=&#8221;off&#8221; posts_number=&#8221;3&#8243; include_categories=&#8221;2,all&#8221; meta_date=&#8221;d.m.Y&#8221; show_author=&#8221;off&#8221; show_categories=&#8221;off&#8221; show_pagination=&#8221;off&#8221; masonry_tile_background_color=&#8221;#FFFFFF&#8221; module_class=&#8221;et_blog_grid_equal_height&#8221; _builder_version=&#8221;4.25.1&#8243; _module_preset=&#8221;default&#8221; header_font=&#8221;&#8211;et_global_heading_font|&#8211;et_global_heading_font_weight|||||||&#8221; header_text_color=&#8221;#415A77&#8243; body_font=&#8221;&#8211;et_global_body_font||||||||&#8221; body_text_color=&#8221;#0D1B2A&#8221; meta_text_color=&#8221;#ADA282&#8243; child_filter_saturate=&#8221;56%&#8221; hover_enabled=&#8221;0&#8243; border_color_all=&#8221;RGBA(255,255,255,0)&#8221; global_colors_info=&#8221;{}&#8221; sticky_enabled=&#8221;0&#8243;][\/et_pb_blog][\/et_pb_column][\/et_pb_row][\/et_pb_section]\n","protected":false},"excerpt":{"rendered":"<p>Latest news<\/p>","protected":false},"author":3,"featured_media":326324,"parent":0,"menu_order":0,"comment_status":"closed","ping_status":"closed","template":"","meta":{"_et_pb_use_builder":"on","_et_pb_old_content":"","_et_gb_content_width":"","footnotes":""},"class_list":["post-326260","page","type-page","status-publish","has-post-thumbnail","hentry"],"_links":{"self":[{"href":"https:\/\/fidium.fi\/en\/wp-json\/wp\/v2\/pages\/326260","targetHints":{"allow":["GET"]}}],"collection":[{"href":"https:\/\/fidium.fi\/en\/wp-json\/wp\/v2\/pages"}],"about":[{"href":"https:\/\/fidium.fi\/en\/wp-json\/wp\/v2\/types\/page"}],"author":[{"embeddable":true,"href":"https:\/\/fidium.fi\/en\/wp-json\/wp\/v2\/users\/3"}],"replies":[{"embeddable":true,"href":"https:\/\/fidium.fi\/en\/wp-json\/wp\/v2\/comments?post=326260"}],"version-history":[{"count":0,"href":"https:\/\/fidium.fi\/en\/wp-json\/wp\/v2\/pages\/326260\/revisions"}],"wp:featuredmedia":[{"embeddable":true,"href":"https:\/\/fidium.fi\/en\/wp-json\/wp\/v2\/media\/326324"}],"wp:attachment":[{"href":"https:\/\/fidium.fi\/en\/wp-json\/wp\/v2\/media?parent=326260"}],"curies":[{"name":"wp","href":"https:\/\/api.w.org\/{rel}","templated":true}]}}