{"id":325741,"date":"2022-05-30T06:53:24","date_gmt":"2022-05-30T06:53:24","guid":{"rendered":"https:\/\/fidium.fi\/?page_id=325741"},"modified":"2025-12-04T11:49:27","modified_gmt":"2025-12-04T09:49:27","slug":"yhteystiedot","status":"publish","type":"page","link":"https:\/\/fidium.fi\/en\/yhteystiedot\/","title":{"rendered":"Contact"},"content":{"rendered":"<p>[et_pb_section fb_built=&#8221;1&#8243; _builder_version=&#8221;4.25.1&#8243; background_color=&#8221;RGBA(255,255,255,0)&#8221; background_image=&#8221;https:\/\/fidium.fi\/wp-content\/uploads\/2024\/05\/Herokuva2_yhteystiedot.jpg&#8221; background_blend=&#8221;multiply&#8221; min_height=&#8221;350px&#8221; custom_padding=&#8221;144px||144px||true|false&#8221; locked=&#8221;off&#8221; global_colors_info=&#8221;{}&#8221;][\/et_pb_section][et_pb_section fb_built=&#8221;1&#8243; _builder_version=&#8221;4.16&#8243; _module_preset=&#8221;default&#8221; custom_padding=&#8221;35px||0px||false|false&#8221; animation_style=&#8221;fade&#8221; global_colors_info=&#8221;{}&#8221;][et_pb_row _builder_version=&#8221;4.16&#8243; _module_preset=&#8221;default&#8221; width=&#8221;90%&#8221; max_width=&#8221;1200px&#8221; global_colors_info=&#8221;{}&#8221;][et_pb_column type=&#8221;4_4&#8243; _builder_version=&#8221;4.16&#8243; _module_preset=&#8221;default&#8221; global_colors_info=&#8221;{}&#8221;][et_pb_text _builder_version=&#8221;4.25.1&#8243; _module_preset=&#8221;default&#8221; header_2_font=&#8221;&#8211;et_global_heading_font|700||on|||||&#8221; header_2_text_color=&#8221;#415A77&#8243; header_2_font_size=&#8221;30px&#8221; positioning=&#8221;relative&#8221; text_orientation=&#8221;center&#8221; custom_margin=&#8221;||15px||false|false&#8221; locked=&#8221;off&#8221; global_colors_info=&#8221;{}&#8221;]<\/p>\n<h2>Yhteystiedot<\/h2>\n<p>[\/et_pb_text][et_pb_divider color=&#8221;#c0b596&#8243; divider_weight=&#8221;3px&#8221; _builder_version=&#8221;4.18.0&#8243; width=&#8221;7%&#8221; width_tablet=&#8221;7%&#8221; width_phone=&#8221;14%&#8221; width_last_edited=&#8221;on|phone&#8221; module_alignment=&#8221;center&#8221; custom_margin=&#8221;||||false|false&#8221; module_alignment_tablet=&#8221;center&#8221; module_alignment_phone=&#8221;center&#8221; module_alignment_last_edited=&#8221;on|tablet&#8221; locked=&#8221;off&#8221; global_colors_info=&#8221;{}&#8221;][\/et_pb_divider][\/et_pb_column][\/et_pb_row][\/et_pb_section][et_pb_section fb_built=&#8221;1&#8243; _builder_version=&#8221;4.25.1&#8243; _module_preset=&#8221;default&#8221; background_color=&#8221;#FFFFFF&#8221; custom_padding=&#8221;21px||21px|||&#8221; animation_style=&#8221;slide&#8221; global_colors_info=&#8221;{}&#8221;][et_pb_row column_structure=&#8221;1_3,1_3,1_3&#8243; make_equal=&#8221;on&#8221; _builder_version=&#8221;4.25.1&#8243; _module_preset=&#8221;default&#8221; width=&#8221;90%&#8221; max_width=&#8221;1200px&#8221; global_colors_info=&#8221;{}&#8221;][et_pb_column type=&#8221;1_3&#8243; _builder_version=&#8221;4.25.1&#8243; _module_preset=&#8221;default&#8221; background_color=&#8221;#f8f8f8&#8243; custom_padding=&#8221;30px|30px|30px|30px|true|true&#8221; custom_css_after=&#8221;content: &#8217;%92e0fe&#8217;;||position: absolute;||top: 45px;||right: 25px;||font-size: 50px;||font-family: ETmodules;||color: #ada282;&#8221; box_shadow_style=&#8221;preset1&#8243; box_shadow_vertical=&#8221;0px&#8221; box_shadow_blur=&#8221;0px&#8221; global_colors_info=&#8221;{}&#8221; box_shadow_vertical__hover_enabled=&#8221;on|hover&#8221; box_shadow_blur__hover_enabled=&#8221;on|hover&#8221; transform_styles__hover_enabled=&#8221;on|hover&#8221; transform_scale__hover_enabled=&#8221;on|hover&#8221; transform_translate__hover_enabled=&#8221;on|hover&#8221; transform_rotate__hover_enabled=&#8221;on|hover&#8221; transform_skew__hover_enabled=&#8221;on|hover&#8221; transform_origin__hover_enabled=&#8221;on|hover&#8221; transform_scale__hover=&#8221;105%|105%&#8221; box_shadow_vertical__hover=&#8221;0px&#8221; box_shadow_blur__hover=&#8221;0px&#8221;][et_pb_text _builder_version=&#8221;4.25.1&#8243; _module_preset=&#8221;default&#8221; text_font=&#8221;&#8211;et_global_heading_font|700|||||||&#8221; text_text_color=&#8221;#415A77&#8243; text_font_size=&#8221;17px&#8221; header_font=&#8221;&#8211;et_global_heading_font||||||||&#8221; custom_margin=&#8221;||20px||false|false&#8221; global_colors_info=&#8221;{}&#8221;]<\/p>\n<p>Fidium Law Partners Oy<\/p>\n<p>[\/et_pb_text][et_pb_text _builder_version=&#8221;4.25.1&#8243; _module_preset=&#8221;default&#8221; text_font=&#8221;&#8211;et_global_body_font||||||||&#8221; text_text_color=&#8221;#273654&#8243; text_font_size=&#8221;15px&#8221; link_option_url=&#8221;tel: +001 234 5678&#8243; global_colors_info=&#8221;{}&#8221;]<\/p>\n<p><span>Y-tunnus: 1600269-2<\/span><\/p>\n<p>[\/et_pb_text][\/et_pb_column][et_pb_column type=&#8221;1_3&#8243; _builder_version=&#8221;4.25.1&#8243; _module_preset=&#8221;default&#8221; background_color=&#8221;#f8f8f8&#8243; custom_padding=&#8221;30px|30px|30px|30px|true|true&#8221; custom_css_after=&#8221;content: &#8217;%92e010&#8217;;||position: absolute;||top: 45px;||right: 25px;||font-size: 50px;||font-family: ETmodules;||color: #ada282;&#8221; box_shadow_style=&#8221;preset1&#8243; box_shadow_vertical=&#8221;0px&#8221; box_shadow_blur=&#8221;0px&#8221; global_colors_info=&#8221;{}&#8221; box_shadow_vertical__hover_enabled=&#8221;on|hover&#8221; box_shadow_blur__hover_enabled=&#8221;on|hover&#8221; transform_styles__hover_enabled=&#8221;on|hover&#8221; transform_scale__hover=&#8221;105%|105%&#8221; transform_scale__hover_enabled=&#8221;on|hover&#8221; transform_translate__hover_enabled=&#8221;on|hover&#8221; transform_rotate__hover_enabled=&#8221;on|hover&#8221; transform_skew__hover_enabled=&#8221;on|hover&#8221; transform_origin__hover_enabled=&#8221;on|hover&#8221; box_shadow_vertical__hover=&#8221;0px&#8221; box_shadow_blur__hover=&#8221;0px&#8221;][et_pb_text _builder_version=&#8221;4.25.1&#8243; _module_preset=&#8221;default&#8221; text_font=&#8221;&#8211;et_global_heading_font|700||on|||||&#8221; text_text_color=&#8221;#415A77&#8243; text_font_size=&#8221;17px&#8221; header_font=&#8221;&#8211;et_global_heading_font||||||||&#8221; custom_margin=&#8221;||20px||false|false&#8221; locked=&#8221;off&#8221; global_colors_info=&#8221;{}&#8221;]<\/p>\n<p>S\u00e4hk\u00f6postiT<\/p>\n<p>[\/et_pb_text][et_pb_text _builder_version=&#8221;4.25.1&#8243; _module_preset=&#8221;default&#8221; text_font_size=&#8221;15px&#8221; link_option_url=&#8221;mailto: info@example.com&#8221; locked=&#8221;off&#8221; global_colors_info=&#8221;{}&#8221;]<\/p>\n<p>etunimi.sukunimi@fidium.fi<\/p>\n<p>[\/et_pb_text][\/et_pb_column][et_pb_column type=&#8221;1_3&#8243; _builder_version=&#8221;4.25.1&#8243; _module_preset=&#8221;default&#8221; background_color=&#8221;#f8f8f8&#8243; custom_padding=&#8221;30px|30px|30px|30px|true|true&#8221; custom_css_after=&#8221;content: &#8217;%92e01d&#8217;;||position: absolute;||top: 45px;||right: 25px;||font-size: 50px;||font-family: ETmodules;||color: #ada282;&#8221; box_shadow_style=&#8221;preset1&#8243; box_shadow_vertical=&#8221;0px&#8221; box_shadow_blur=&#8221;0px&#8221; global_colors_info=&#8221;{}&#8221; box_shadow_vertical__hover_enabled=&#8221;on|hover&#8221; box_shadow_blur__hover_enabled=&#8221;on|hover&#8221; transform_styles__hover_enabled=&#8221;on|hover&#8221; transform_scale__hover=&#8221;105%|105%&#8221; transform_scale__hover_enabled=&#8221;on|hover&#8221; transform_translate__hover_enabled=&#8221;on|hover&#8221; transform_rotate__hover_enabled=&#8221;on|hover&#8221; transform_skew__hover_enabled=&#8221;on|hover&#8221; transform_origin__hover_enabled=&#8221;on|hover&#8221; box_shadow_vertical__hover=&#8221;0px&#8221; box_shadow_blur__hover=&#8221;0px&#8221;][et_pb_text _builder_version=&#8221;4.25.1&#8243; _module_preset=&#8221;default&#8221; text_font=&#8221;&#8211;et_global_heading_font|700||on|||||&#8221; text_text_color=&#8221;#415A77&#8243; text_font_size=&#8221;17px&#8221; header_font=&#8221;&#8211;et_global_heading_font||||||||&#8221; custom_margin=&#8221;||20px||false|false&#8221; locked=&#8221;off&#8221; global_colors_info=&#8221;{}&#8221;]<\/p>\n<p>K\u00e4yntiosoite<\/p>\n<p>[\/et_pb_text][et_pb_text _builder_version=&#8221;4.27.4&#8243; _module_preset=&#8221;default&#8221; text_font_size=&#8221;15px&#8221; hover_enabled=&#8221;0&#8243; locked=&#8221;off&#8221; global_colors_info=&#8221;{}&#8221; sticky_enabled=&#8221;0&#8243;]<\/p>\n<p>Erottajankatu 15-17 A LH307\u00a0 (c\/o Boffice)<\/p>\n<p>00130 Helsinki<\/p>\n<p>[\/et_pb_text][\/et_pb_column][\/et_pb_row][\/et_pb_section][et_pb_section fb_built=&#8221;1&#8243; _builder_version=&#8221;4.16&#8243; _module_preset=&#8221;default&#8221; custom_padding=&#8221;35px||4px||false|false&#8221; animation_style=&#8221;fade&#8221; global_colors_info=&#8221;{}&#8221;][et_pb_row _builder_version=&#8221;4.16&#8243; _module_preset=&#8221;default&#8221; width=&#8221;90%&#8221; max_width=&#8221;1200px&#8221; global_colors_info=&#8221;{}&#8221;][et_pb_column type=&#8221;4_4&#8243; _builder_version=&#8221;4.16&#8243; _module_preset=&#8221;default&#8221; global_colors_info=&#8221;{}&#8221;][et_pb_text _builder_version=&#8221;4.25.1&#8243; _module_preset=&#8221;default&#8221; header_text_color=&#8221;#415A77&#8243; header_2_font=&#8221;&#8211;et_global_heading_font|700||on|||||&#8221; header_2_text_color=&#8221;#415A77&#8243; header_2_font_size=&#8221;30px&#8221; positioning=&#8221;relative&#8221; text_orientation=&#8221;center&#8221; custom_margin=&#8221;||15px||false|false&#8221; locked=&#8221;off&#8221; global_colors_info=&#8221;{}&#8221;]<\/p>\n<h2>Ihmiset<\/h2>\n<p>[\/et_pb_text][et_pb_divider color=&#8221;#c0b596&#8243; divider_weight=&#8221;3px&#8221; _builder_version=&#8221;4.18.0&#8243; width=&#8221;7%&#8221; width_tablet=&#8221;7%&#8221; width_phone=&#8221;14%&#8221; width_last_edited=&#8221;on|phone&#8221; module_alignment=&#8221;center&#8221; custom_margin=&#8221;||||false|false&#8221; module_alignment_tablet=&#8221;center&#8221; module_alignment_phone=&#8221;center&#8221; module_alignment_last_edited=&#8221;on|tablet&#8221; locked=&#8221;off&#8221; global_colors_info=&#8221;{}&#8221;][\/et_pb_divider][\/et_pb_column][\/et_pb_row][\/et_pb_section][et_pb_section fb_built=&#8221;1&#8243; _builder_version=&#8221;4.25.1&#8243; background_color=&#8221;#f8f8f8&#8243; custom_margin=&#8221;51px|||||&#8221; custom_padding=&#8221;0px||||false|false&#8221; locked=&#8221;off&#8221; global_colors_info=&#8221;{}&#8221;][et_pb_row column_structure=&#8221;1_3,1_3,1_3&#8243; make_equal=&#8221;on&#8221; module_class=&#8221;lawyer_homev2_team&#8221; _builder_version=&#8221;4.25.1&#8243; _module_preset=&#8221;default&#8221; width=&#8221;70%&#8221; width_tablet=&#8221;75%&#8221; width_phone=&#8221;70%&#8221; width_last_edited=&#8221;on|phone&#8221; max_width=&#8221;70%&#8221; custom_padding=&#8221;||23px|||&#8221; locked=&#8221;off&#8221; global_colors_info=&#8221;{}&#8221;][et_pb_column type=&#8221;1_3&#8243; _builder_version=&#8221;4.18.0&#8243; _module_preset=&#8221;default&#8221; background_color=&#8221;#FFFFFF&#8221; custom_css_before=&#8221;position: absolute;||width: 100%;||background: #a6906c;||top: 0;||display: block;||content: &#8221;;||z-index: 1;||-webkit-transition: all 0.4s;||transition: all 0.4s;&#8221; custom_css_after=&#8221;position: absolute;||width: 100%;||background: #a6906c;||bottom: 0;||display: block;||content: &#8221;;||z-index: 1;||-webkit-transition: all 0.4s;||transition: all 0.4s;&#8221; global_colors_info=&#8221;{}&#8221; custom_css_before__hover=&#8221;height: 7px;&#8221; custom_css_before__hover_enabled=&#8221;on|hover&#8221; custom_css_after__hover=&#8221;height: 7px;&#8221; custom_css_after__hover_enabled=&#8221;on|hover&#8221;][et_pb_team_member name=&#8221;Matti Kauppi&#8221; position=&#8221;LL.M., Lic. Tech., Partner&#8221; image_url=&#8221;https:\/\/fidium.fi\/wp-content\/uploads\/2024\/05\/dummy3.jpg&#8221; linkedin_url=&#8221;#&#8221; icon_color=&#8221;#ffffff&#8221; _builder_version=&#8221;4.25.1&#8243; _module_preset=&#8221;default&#8221; header_font=&#8221;&#8211;et_global_heading_font|700||on|||||&#8221; header_text_color=&#8221;#FFFFFF&#8221; header_font_size=&#8221;18px&#8221; position_font=&#8221;&#8211;et_global_body_font|600|||||||&#8221; position_text_color=&#8221;#0D1B2A&#8221; position_font_size=&#8221;15px&#8221; background_enable_color=&#8221;off&#8221; text_orientation=&#8221;center&#8221; custom_margin=&#8221;||-3px|||&#8221; child_filter_opacity=&#8221;10%&#8221; custom_css_member_image=&#8221;margin-bottom:0 !important;||overflow:hidden;||max-width: 100%;&#8221; custom_css_title=&#8221;padding: 11px 15px;||background-color: #272c3f;&#8221; custom_css_member_position=&#8221;padding: 12px 15px 10px 12px;&#8221; custom_css_member_social_links=&#8221;top: 50%;||width: 100%;||position: absolute;||text-align: center;||-webkit-transform: translateY(-50%);||transform: translateY(-50%);||margin-top:0;||opacity: 0;||-webkit-transition: all 0.4s;||transition: all 0.4s;||z-index: 1;||&#8221; border_color_all_image=&#8221;#ADA282&#8243; global_colors_info=&#8221;{}&#8221;]<\/p>\n<p><a href=\"#\">+358 400 746 999<\/a><br \/><span class=\"blockspam\" aria-hidden=\"true\">PLEASE DO NOT TRY!<\/span> <a href=\"#\">matti.kauppi\u00ad\u2009@\u2009<!-- sdfjsdhfkjypcs -->fidium.fi<\/a><\/p>\n<p>[\/et_pb_team_member][et_pb_button button_url=&#8221;@ET-DC@eyJkeW5hbWljIjp0cnVlLCJjb250ZW50IjoicG9zdF9saW5rX3VybF9wYWdlIiwic2V0dGluZ3MiOnsicG9zdF9pZCI6IjMyNjYyOSJ9fQ==@&#8221; button_text=&#8221;Katso lis\u00e4\u00e4&#8221; button_alignment=&#8221;center&#8221; _builder_version=&#8221;4.25.1&#8243; _dynamic_attributes=&#8221;button_url&#8221; _module_preset=&#8221;default&#8221; custom_button=&#8221;on&#8221; button_text_size=&#8221;16px&#8221; button_text_color=&#8221;#FFFFFF&#8221; button_bg_color=&#8221;#c0b596&#8243; button_border_width=&#8221;0px&#8221; button_border_radius=&#8221;0px&#8221; button_use_icon=&#8221;off&#8221; custom_margin=&#8221;19px||45px|||&#8221; locked=&#8221;off&#8221; global_colors_info=&#8221;{}&#8221; button_bg_color__hover_enabled=&#8221;on|hover&#8221; button_bg_color__hover=&#8221;#415A77&#8243; button_bg_enable_color__hover=&#8221;on&#8221;][\/et_pb_button][\/et_pb_column][et_pb_column type=&#8221;1_3&#8243; _builder_version=&#8221;4.25.1&#8243; _module_preset=&#8221;default&#8221; background_color=&#8221;#FFFFFF&#8221; custom_css_before=&#8221;position: absolute;||width: 100%;||background: #a6906c;||top: 0;||display: block;||content: &#8221;;||z-index: 1;||-webkit-transition: all 0.4s;||transition: all 0.4s;&#8221; custom_css_after=&#8221;position: absolute;||width: 100%;||background: #a6906c;||bottom: 0;||display: block;||content: &#8221;;||z-index: 1;||-webkit-transition: all 0.4s;||transition: all 0.4s;&#8221; global_colors_info=&#8221;{}&#8221; custom_css_before__hover_enabled=&#8221;on|hover&#8221; custom_css_before__hover=&#8221;height: 7px;&#8221; custom_css_after__hover_enabled=&#8221;on|hover&#8221; custom_css_after__hover=&#8221;height: 7px;&#8221;][et_pb_team_member name=&#8221;Mikko Vasko&#8221; position=&#8221;LL.M., Partner&#8221; image_url=&#8221;https:\/\/fidium.fi\/wp-content\/uploads\/2024\/05\/dummy2.jpg&#8221; linkedin_url=&#8221;#&#8221; icon_color=&#8221;#ffffff&#8221; _builder_version=&#8221;4.25.1&#8243; _module_preset=&#8221;default&#8221; header_font=&#8221;&#8211;et_global_heading_font|700||on|||||&#8221; header_text_color=&#8221;#FFFFFF&#8221; header_font_size=&#8221;18px&#8221; position_font=&#8221;&#8211;et_global_body_font|600|||||||&#8221; position_text_color=&#8221;#0D1B2A&#8221; position_font_size=&#8221;15px&#8221; background_enable_color=&#8221;off&#8221; text_orientation=&#8221;center&#8221; custom_margin=&#8221;||-3px|||&#8221; child_filter_opacity=&#8221;10%&#8221; custom_css_member_image=&#8221;margin-bottom:0 !important;||overflow:hidden;||max-width: 100%;&#8221; custom_css_title=&#8221;padding: 11px 15px;||background-color: #272c3f;&#8221; custom_css_member_position=&#8221;padding: 12px 15px 10px 12px;&#8221; custom_css_member_social_links=&#8221;top: 50%;||width: 100%;||position: absolute;||text-align: center;||-webkit-transform: translateY(-50%);||transform: translateY(-50%);||margin-top:0;||opacity: 0;||-webkit-transition: all 0.4s;||transition: all 0.4s;||z-index: 1;||&#8221; border_color_all_image=&#8221;#ADA282&#8243; locked=&#8221;off&#8221; global_colors_info=&#8221;{}&#8221;]<\/p>\n<p><a href=\"#\">+358 40 582 1881<\/a><br \/><span class=\"blockspam\" aria-hidden=\"true\">PLEASE DO NOT TRY!<\/span> <a href=\"#\">mikko.vasko\u00ad\u2009@\u2009<!-- sdfjsdhfkjypcs -->fidium.fi<\/a><\/p>\n<p>[\/et_pb_team_member][et_pb_button button_url=&#8221;@ET-DC@eyJkeW5hbWljIjp0cnVlLCJjb250ZW50IjoicG9zdF9saW5rX3VybF9wYWdlIiwic2V0dGluZ3MiOnsicG9zdF9pZCI6IjMyNjYzMiJ9fQ==@&#8221; button_text=&#8221;Katso lis\u00e4\u00e4&#8221; button_alignment=&#8221;center&#8221; _builder_version=&#8221;4.25.1&#8243; _dynamic_attributes=&#8221;button_url&#8221; _module_preset=&#8221;default&#8221; custom_button=&#8221;on&#8221; button_text_size=&#8221;16px&#8221; button_text_color=&#8221;#FFFFFF&#8221; button_bg_color=&#8221;#c0b596&#8243; button_border_width=&#8221;0px&#8221; button_border_radius=&#8221;0px&#8221; button_use_icon=&#8221;off&#8221; custom_margin=&#8221;19px||45px|||&#8221; locked=&#8221;off&#8221; global_colors_info=&#8221;{}&#8221; button_bg_color__hover_enabled=&#8221;on|hover&#8221; button_bg_color__hover=&#8221;#415A77&#8243; button_bg_enable_color__hover=&#8221;on&#8221;][\/et_pb_button][\/et_pb_column][et_pb_column type=&#8221;1_3&#8243; _builder_version=&#8221;4.18.0&#8243; _module_preset=&#8221;default&#8221; background_color=&#8221;#FFFFFF&#8221; custom_css_before=&#8221;position: absolute;||width: 100%;||background: #a6906c;||top: 0;||display: block;||content: &#8221;;||z-index: 1;||-webkit-transition: all 0.4s;||transition: all 0.4s;&#8221; custom_css_after=&#8221;position: absolute;||width: 100%;||background: #a6906c;||bottom: 0;||display: block;||content: &#8221;;||z-index: 1;||-webkit-transition: all 0.4s;||transition: all 0.4s;&#8221; global_colors_info=&#8221;{}&#8221; custom_css_before__hover=&#8221;height: 7px;&#8221; custom_css_before__hover_enabled=&#8221;on|hover&#8221; custom_css_after__hover=&#8221;height: 7px;&#8221; custom_css_after__hover_enabled=&#8221;on|hover&#8221;][et_pb_team_member name=&#8221;Jussi Ali-Kovero&#8221; position=&#8221;LL.M., Senior Associate&#8221; image_url=&#8221;https:\/\/fidium.fi\/wp-content\/uploads\/2024\/05\/dummy1.jpg&#8221; linkedin_url=&#8221;#&#8221; icon_color=&#8221;#ffffff&#8221; _builder_version=&#8221;4.25.1&#8243; _module_preset=&#8221;default&#8221; header_font=&#8221;&#8211;et_global_heading_font|700||on|||||&#8221; header_text_color=&#8221;#FFFFFF&#8221; header_font_size=&#8221;18px&#8221; position_font=&#8221;&#8211;et_global_body_font|600|||||||&#8221; position_text_color=&#8221;#0D1B2A&#8221; position_font_size=&#8221;15px&#8221; background_enable_color=&#8221;off&#8221; text_orientation=&#8221;center&#8221; custom_margin=&#8221;||-3px|||&#8221; child_filter_opacity=&#8221;10%&#8221; custom_css_member_image=&#8221;margin-bottom:0 !important;||overflow:hidden;||max-width: 100%;&#8221; custom_css_title=&#8221;padding: 11px 15px;||background-color: #272c3f;&#8221; custom_css_member_position=&#8221;padding: 12px 15px 10px 12px;&#8221; custom_css_member_social_links=&#8221;top: 50%;||width: 100%;||position: absolute;||text-align: center;||-webkit-transform: translateY(-50%);||transform: translateY(-50%);||margin-top:0;||opacity: 0;||-webkit-transition: all 0.4s;||transition: all 0.4s;||z-index: 1;||&#8221; border_color_all_image=&#8221;#ADA282&#8243; locked=&#8221;off&#8221; global_colors_info=&#8221;{}&#8221;]<\/p>\n<p><a href=\"#\">+358 45 866 1717<\/a><br \/><span class=\"blockspam\" aria-hidden=\"true\">PLEASE DO NOT TRY!<\/span> <a href=\"#\">jussi.ali-kovero\u00ad\u2009@\u2009<!-- sdfjsdhfkjypcs -->fidium.fi<\/a><\/p>\n<p>[\/et_pb_team_member][et_pb_button button_url=&#8221;@ET-DC@eyJkeW5hbWljIjp0cnVlLCJjb250ZW50IjoicG9zdF9saW5rX3VybF9wYWdlIiwic2V0dGluZ3MiOnsicG9zdF9pZCI6IjMyNjYzNSJ9fQ==@&#8221; button_text=&#8221;Katso lis\u00e4\u00e4&#8221; button_alignment=&#8221;center&#8221; _builder_version=&#8221;4.25.1&#8243; _dynamic_attributes=&#8221;button_url&#8221; _module_preset=&#8221;default&#8221; custom_button=&#8221;on&#8221; button_text_size=&#8221;16px&#8221; button_text_color=&#8221;#FFFFFF&#8221; button_bg_color=&#8221;#c0b596&#8243; button_border_width=&#8221;0px&#8221; button_border_radius=&#8221;0px&#8221; button_use_icon=&#8221;off&#8221; custom_margin=&#8221;19px||45px|||&#8221; locked=&#8221;off&#8221; global_colors_info=&#8221;{}&#8221; button_bg_color__hover_enabled=&#8221;on|hover&#8221; button_bg_color__hover=&#8221;#415A77&#8243; button_bg_enable_color__hover=&#8221;on&#8221;][\/et_pb_button][\/et_pb_column][\/et_pb_row][\/et_pb_section][et_pb_section fb_built=&#8221;1&#8243; _builder_version=&#8221;4.27.4&#8243; _module_preset=&#8221;default&#8221; background_color=&#8221;#f8f8f8&#8243; custom_padding=&#8221;14px||14px||true|false&#8221; top_divider_flip=&#8221;vertical&#8221; bottom_divider_flip=&#8221;vertical&#8221; animation_style=&#8221;flip&#8221; global_colors_info=&#8221;{}&#8221; link_option_url=&#8221;https:\/\/www.google.fi\/maps\/place\/Erottajankatu+15-17,+00100+Helsinki\/@60.165972,24.9429704,633m\/data=!3m1!1e3!4m6!3m5!1s0x46920bc943a7bdc3:0xaf3710f124ee5fa0!8m2!3d60.1658333!4d24.9441667!16s%2Fg%2F11q2nmt8ly!5m1!1e1?entry=ttu&#038;g_ep=EgoyMDI1MTIwMS4wIKXMDSoASAFQAw%3D%3D&#8221;][\/et_pb_section]<\/p>\n","protected":false},"excerpt":{"rendered":"<p>Fidium Law Partners Oy. S\u00e4hk\u00f6postit: etunimi.sukunimi@fidium.fi. K\u00e4yntiosoite: L\u00f6nnrotinkatu 5, 2. kerros, 00120 Helsinki. Y-tunnus: 1600269-2. <\/p>","protected":false},"author":3,"featured_media":326672,"parent":0,"menu_order":0,"comment_status":"closed","ping_status":"closed","template":"","meta":{"_et_pb_use_builder":"on","_et_pb_old_content":"","_et_gb_content_width":"","footnotes":""},"class_list":["post-325741","page","type-page","status-publish","has-post-thumbnail","hentry"],"_links":{"self":[{"href":"https:\/\/fidium.fi\/en\/wp-json\/wp\/v2\/pages\/325741","targetHints":{"allow":["GET"]}}],"collection":[{"href":"https:\/\/fidium.fi\/en\/wp-json\/wp\/v2\/pages"}],"about":[{"href":"https:\/\/fidium.fi\/en\/wp-json\/wp\/v2\/types\/page"}],"author":[{"embeddable":true,"href":"https:\/\/fidium.fi\/en\/wp-json\/wp\/v2\/users\/3"}],"replies":[{"embeddable":true,"href":"https:\/\/fidium.fi\/en\/wp-json\/wp\/v2\/comments?post=325741"}],"version-history":[{"count":1,"href":"https:\/\/fidium.fi\/en\/wp-json\/wp\/v2\/pages\/325741\/revisions"}],"predecessor-version":[{"id":326781,"href":"https:\/\/fidium.fi\/en\/wp-json\/wp\/v2\/pages\/325741\/revisions\/326781"}],"wp:featuredmedia":[{"embeddable":true,"href":"https:\/\/fidium.fi\/en\/wp-json\/wp\/v2\/media\/326672"}],"wp:attachment":[{"href":"https:\/\/fidium.fi\/en\/wp-json\/wp\/v2\/media?parent=325741"}],"curies":[{"name":"wp","href":"https:\/\/api.w.org\/{rel}","templated":true}]}}